{"id":1054,"date":"2026-01-09T15:16:05","date_gmt":"2026-01-09T14:16:05","guid":{"rendered":"https:\/\/neayi.com\/?page_id=1054"},"modified":"2026-01-09T15:40:28","modified_gmt":"2026-01-09T14:40:28","slug":"itinera","status":"publish","type":"page","link":"https:\/\/neayi.com\/en\/itinera\/","title":{"rendered":"Itinera"},"content":{"rendered":"<div data-elementor-type=\"wp-page\" data-elementor-id=\"1054\" class=\"elementor elementor-1054\">\n\t\t\t\t\t\t<section class=\"elementor-section elementor-top-section elementor-element elementor-element-2e1c32a elementor-section-boxed elementor-section-height-default elementor-section-height-default\" data-id=\"2e1c32a\" data-element_type=\"section\" data-e-type=\"section\">\n\t\t\t\t\t\t<div class=\"elementor-container elementor-column-gap-default\">\n\t\t\t\t\t<div class=\"elementor-column elementor-col-50 elementor-top-column elementor-element elementor-element-6908381\" data-id=\"6908381\" data-element_type=\"column\" data-e-type=\"column\">\n\t\t\t<div class=\"elementor-widget-wrap elementor-element-populated\">\n\t\t\t\t\t\t<div class=\"elementor-element elementor-element-839b6d8 elementor-widget elementor-widget-heading\" data-id=\"839b6d8\" data-element_type=\"widget\" data-e-type=\"widget\" data-widget_type=\"heading.default\">\n\t\t\t\t<div class=\"elementor-widget-container\">\n\t\t\t\t\t<h1 class=\"elementor-heading-title elementor-size-default\">Itinera<\/h1>\t\t\t\t<\/div>\n\t\t\t\t<\/div>\n\t\t\t\t\t<\/div>\n\t\t<\/div>\n\t\t\t\t<div class=\"elementor-column elementor-col-50 elementor-top-column elementor-element elementor-element-3c3823a\" data-id=\"3c3823a\" data-element_type=\"column\" data-e-type=\"column\">\n\t\t\t<div class=\"elementor-widget-wrap elementor-element-populated\">\n\t\t\t\t\t\t<div class=\"elementor-element elementor-element-9066959 elementor-widget elementor-widget-text-editor\" data-id=\"9066959\" data-element_type=\"widget\" data-e-type=\"widget\" data-widget_type=\"text-editor.default\">\n\t\t\t\t<div class=\"elementor-widget-container\">\n\t\t\t\t\t\t\t\t\t<p><span style=\"font-weight: bold; letter-spacing: 0.8px; white-space-collapse: preserve;\">L\u2019outil collaboratif pour imaginer, simuler et piloter les transitions agricoles.<\/span><\/p>\t\t\t\t\t\t\t\t<\/div>\n\t\t\t\t<\/div>\n\t\t\t\t\t<\/div>\n\t\t<\/div>\n\t\t\t\t\t<\/div>\n\t\t<\/section>\n\t\t\t\t<section class=\"elementor-section elementor-top-section elementor-element elementor-element-1a9919f elementor-section-boxed elementor-section-height-default elementor-section-height-default\" data-id=\"1a9919f\" data-element_type=\"section\" data-e-type=\"section\" data-settings=\"{&quot;background_background&quot;:&quot;classic&quot;}\">\n\t\t\t\t\t\t<div class=\"elementor-container elementor-column-gap-default\">\n\t\t\t\t\t<div class=\"elementor-column elementor-col-100 elementor-top-column elementor-element elementor-element-2001fdc\" data-id=\"2001fdc\" data-element_type=\"column\" data-e-type=\"column\">\n\t\t\t<div class=\"elementor-widget-wrap elementor-element-populated\">\n\t\t\t\t\t\t<section class=\"elementor-section elementor-inner-section elementor-element elementor-element-9b00e11 elementor-section-boxed elementor-section-height-default elementor-section-height-default\" data-id=\"9b00e11\" data-element_type=\"section\" data-e-type=\"section\">\n\t\t\t\t\t\t<div class=\"elementor-container elementor-column-gap-default\">\n\t\t\t\t\t<div class=\"elementor-column elementor-col-100 elementor-inner-column elementor-element elementor-element-2f2a2aa\" data-id=\"2f2a2aa\" data-element_type=\"column\" data-e-type=\"column\">\n\t\t\t<div class=\"elementor-widget-wrap elementor-element-populated\">\n\t\t\t\t\t\t<div class=\"elementor-element elementor-element-817caf1 elementor-widget elementor-widget-text-editor\" data-id=\"817caf1\" data-element_type=\"widget\" data-e-type=\"widget\" data-widget_type=\"text-editor.default\">\n\t\t\t\t<div class=\"elementor-widget-container\">\n\t\t\t\t\t\t\t\t\t<p style=\"text-align: left;\"><b>Itinera <\/b>est une plateforme web qui permet de mod\u00e9liser les itin\u00e9raires techniques agricoles sous forme <b>visuelle<\/b>, d\u2019<b>\u00e9valuer<\/b> leur triple performance <b>technique<\/b>, <b>economic <\/b>and <b>environmental<\/b>, et de <b>simuler des \u00e9volutions<\/b>.<\/p>\n<p style=\"text-align: left;\">Gr\u00e2ce \u00e0 l\u2019int\u00e9gration de l\u2019<b>intelligence artificielle<\/b>, la <b>saisie <\/b>et les <b>calculs <\/b>sont <b>acc\u00e9l\u00e9r\u00e9s<\/b>, et chaque <b>syst\u00e8me de culture<\/b> devient analysable et exploitable : risques phytosanitaires, coh\u00e9rence des apports, efficience \u00e9conomique\u2026<\/p>\n<p style=\"text-align: left;\">En <b>capitalisant <\/b>toutes les simulations dans un <b>corpus g\u00e9olocalis\u00e9 et contextualis\u00e9<\/b>, Itinera ouvre la voie \u00e0 une nouvelle g\u00e9n\u00e9ration de conseil agricole assist\u00e9 par IA : des <b>itin\u00e9raires de r\u00e9f\u00e9rence<\/b>, adapt\u00e9s \u00e0 chaque territoire, chaque culture, chaque strat\u00e9gie.<\/p>\t\t\t\t\t\t\t\t<\/div>\n\t\t\t\t<\/div>\n\t\t\t\t\t<\/div>\n\t\t<\/div>\n\t\t\t\t\t<\/div>\n\t\t<\/section>\n\t\t\t\t<section class=\"elementor-section elementor-inner-section elementor-element elementor-element-aa148d9 elementor-section-boxed elementor-section-height-default elementor-section-height-default\" data-id=\"aa148d9\" data-element_type=\"section\" data-e-type=\"section\">\n\t\t\t\t\t\t<div class=\"elementor-container elementor-column-gap-default\">\n\t\t\t\t\t<div class=\"elementor-column elementor-col-100 elementor-inner-column elementor-element elementor-element-4932c8a\" data-id=\"4932c8a\" data-element_type=\"column\" data-e-type=\"column\">\n\t\t\t<div class=\"elementor-widget-wrap elementor-element-populated\">\n\t\t\t\t\t\t<div class=\"elementor-element elementor-element-f1ea153 elementor-mobile-align-justify elementor-widget elementor-widget-button\" data-id=\"f1ea153\" data-element_type=\"widget\" data-e-type=\"widget\" data-widget_type=\"button.default\">\n\t\t\t\t<div class=\"elementor-widget-container\">\n\t\t\t\t\t\t\t\t\t<div class=\"elementor-button-wrapper\">\n\t\t\t\t\t<a class=\"elementor-button elementor-button-link elementor-size-xs\" href=\"https:\/\/itinera.ag\/\" target=\"_blank\">\n\t\t\t\t\t\t<span class=\"elementor-button-content-wrapper\">\n\t\t\t\t\t\t\t\t\t<span class=\"elementor-button-text\">En savoir plus<\/span>\n\t\t\t\t\t<\/span>\n\t\t\t\t\t<\/a>\n\t\t\t\t<\/div>\n\t\t\t\t\t\t\t\t<\/div>\n\t\t\t\t<\/div>\n\t\t\t\t\t<\/div>\n\t\t<\/div>\n\t\t\t\t\t<\/div>\n\t\t<\/section>\n\t\t\t\t\t<\/div>\n\t\t<\/div>\n\t\t\t\t\t<\/div>\n\t\t<\/section>\n\t\t\t\t<section class=\"elementor-section elementor-top-section elementor-element elementor-element-2915a11 elementor-section-boxed elementor-section-height-default elementor-section-height-default\" data-id=\"2915a11\" data-element_type=\"section\" data-e-type=\"section\">\n\t\t\t\t\t\t<div class=\"elementor-container elementor-column-gap-default\">\n\t\t\t\t\t<div class=\"elementor-column elementor-col-100 elementor-top-column elementor-element elementor-element-ba1d4d6\" data-id=\"ba1d4d6\" data-element_type=\"column\" data-e-type=\"column\">\n\t\t\t<div class=\"elementor-widget-wrap\">\n\t\t\t\t\t\t\t<\/div>\n\t\t<\/div>\n\t\t\t\t\t<\/div>\n\t\t<\/section>\n\t\t\t\t<\/div>","protected":false},"excerpt":{"rendered":"<p>Itinera L\u2019outil collaboratif pour imaginer, simuler et piloter les transitions agricoles. Itinera est une plateforme web qui permet de mod\u00e9liser les itin\u00e9raires techniques agricoles sous forme visuelle, d\u2019\u00e9valuer leur triple performance technique, \u00e9conomique et environnementale, et de simuler des \u00e9volutions. Gr\u00e2ce \u00e0 l\u2019int\u00e9gration de l\u2019intelligence artificielle, la saisie et les calculs sont acc\u00e9l\u00e9r\u00e9s, et chaque&hellip;&nbsp;<a href=\"https:\/\/neayi.com\/en\/itinera\/\" rel=\"bookmark\">Read More &raquo;<span class=\"screen-reader-text\">Itinera<\/span><\/a><\/p>","protected":false},"author":1,"featured_media":437,"parent":0,"menu_order":0,"comment_status":"closed","ping_status":"closed","template":"elementor_header_footer","meta":{"_seopress_robots_primary_cat":"","_seopress_titles_title":"La plateforme Triple Performance","_seopress_titles_desc":"Triple Performance est n\u00e9e d\u2019un constat : Les enjeux auxquels font face les agriculteurs aujourd\u2019hui sont tels que les recettes appliqu\u00e9es jusqu\u2019\u00e0 pr\u00e9sent pour les aider \u00e0 s\u2019adapter ne sont plus suffisantes...","_seopress_robots_index":"","content-type":"","neve_meta_sidebar":"full-width","neve_meta_container":"","neve_meta_enable_content_width":"on","neve_meta_content_width":100,"neve_meta_title_alignment":"","neve_meta_author_avatar":"","neve_post_elements_order":"","neve_meta_disable_header":"","neve_meta_disable_footer":"","neve_meta_disable_title":"","footnotes":""},"class_list":["post-1054","page","type-page","status-publish","has-post-thumbnail","hentry"],"_links":{"self":[{"href":"https:\/\/neayi.com\/en\/wp-json\/wp\/v2\/pages\/1054","targetHints":{"allow":["GET"]}}],"collection":[{"href":"https:\/\/neayi.com\/en\/wp-json\/wp\/v2\/pages"}],"about":[{"href":"https:\/\/neayi.com\/en\/wp-json\/wp\/v2\/types\/page"}],"author":[{"embeddable":true,"href":"https:\/\/neayi.com\/en\/wp-json\/wp\/v2\/users\/1"}],"replies":[{"embeddable":true,"href":"https:\/\/neayi.com\/en\/wp-json\/wp\/v2\/comments?post=1054"}],"version-history":[{"count":10,"href":"https:\/\/neayi.com\/en\/wp-json\/wp\/v2\/pages\/1054\/revisions"}],"predecessor-version":[{"id":1066,"href":"https:\/\/neayi.com\/en\/wp-json\/wp\/v2\/pages\/1054\/revisions\/1066"}],"wp:featuredmedia":[{"embeddable":true,"href":"https:\/\/neayi.com\/en\/wp-json\/wp\/v2\/media\/437"}],"wp:attachment":[{"href":"https:\/\/neayi.com\/en\/wp-json\/wp\/v2\/media?parent=1054"}],"curies":[{"name":"wp","href":"https:\/\/api.w.org\/{rel}","templated":true}]}}